{"id":73,"date":"2014-03-12T22:27:25","date_gmt":"2014-03-12T21:27:25","guid":{"rendered":"http:\/\/lvl2000ev.bplaced.net\/?page_id=73"},"modified":"2026-03-17T10:15:04","modified_gmt":"2026-03-17T09:15:04","slug":"veranstaltungen","status":"publish","type":"page","link":"http:\/\/lvl2000ev.bplaced.net\/?page_id=73","title":{"rendered":"Veranstaltungen"},"content":{"rendered":"\n<p><a href=\"http:\/\/lvl2000ev.bplaced.net\/?page_id=36\" data-type=\"page\" data-id=\"36\">30. Limbacher-Markltauf Ausschreibung<\/a><\/p>\n\n\n\n<p><a href=\"https:\/\/triathlon-service.de\/veranstaltungen\/anmeldung.php?veranstaltung=22\" target=\"_blank\" rel=\"noreferrer noopener\">Anmeldung Limbacher Marktlauf (Triathlonservice) extern<\/a><\/p>\n\n\n\n<p><a href=\"https:\/\/www.limbach-oberfrohna.de\/de\/startseite-detail\/limbacher-marktlauf-205-1564061835.html\" data-type=\"link\" data-id=\"https:\/\/www.limbach-oberfrohna.de\/de\/startseite-detail\/limbacher-marktlauf-205-1564061835.html\" target=\"_blank\" rel=\"noreferrer noopener\">Informationen 30. Limbacher-Marktlauf Stadt Limbach-Oberfrohna (extern)<\/a><\/p>\n\n\n<p><!-- Der Laufverein Limbach 2000 e.V. hat momentan folgende Trainingstermine:\n\nMontags: nach R\u00fccksprache mit Trainingsleiter im Waldstadion ab 18:00 - 19:30 Uhr (freies Training immer ab 17 Uhr m\u00f6glich)\n\nMittwochs: momentan kein offizieller Trainingstermin (Trainingszeiten k\u00f6nnen im Waldstadion frei genutzt werden ab 17:00 Uhr)\n\nFreitag: ab 17:30 -19 Uhr findet im Winter das Training in der Turnhalle der Pestalozzi-Schule statt.\n\nab 17:00-19:00 Uhr in Limbach-Oberfrohna am Waldstadion (ab voraussichtlich M\u00e4rz wieder)\n\nZum Freitagstraining sind alle Interessierten recht Herzlich eingeladen. Wir bieten im Rahmen dieses Trainingstermins Probetrainings, um euch einen Eindruck von unserem Verein zu vermitteln.\n\nF\u00fcr Informationen zu den von uns ausgerichteten Wettk\u00e4mpfen, bitte in dem Untermen\u00fc unter Termine den jeweiligen Termin ausw\u00e4hlen.-->\n<\/p>\n\n\n<p><\/p>\n","protected":false},"excerpt":{"rendered":"<p>30. Limbacher-Markltauf Ausschreibung Anmeldung Limbacher Marktlauf (Triathlonservice) extern Informationen 30. Limbacher-Marktlauf Stadt Limbach-Oberfrohna (extern)<\/p>\n","protected":false},"author":2,"featured_media":0,"parent":0,"menu_order":0,"comment_status":"closed","ping_status":"closed","template":"","meta":{"footnotes":""},"class_list":["post-73","page","type-page","status-publish","hentry"],"_links":{"self":[{"href":"http:\/\/lvl2000ev.bplaced.net\/index.php?rest_route=\/wp\/v2\/pages\/73","targetHints":{"allow":["GET"]}}],"collection":[{"href":"http:\/\/lvl2000ev.bplaced.net\/index.php?rest_route=\/wp\/v2\/pages"}],"about":[{"href":"http:\/\/lvl2000ev.bplaced.net\/index.php?rest_route=\/wp\/v2\/types\/page"}],"author":[{"embeddable":true,"href":"http:\/\/lvl2000ev.bplaced.net\/index.php?rest_route=\/wp\/v2\/users\/2"}],"replies":[{"embeddable":true,"href":"http:\/\/lvl2000ev.bplaced.net\/index.php?rest_route=%2Fwp%2Fv2%2Fcomments&post=73"}],"version-history":[{"count":10,"href":"http:\/\/lvl2000ev.bplaced.net\/index.php?rest_route=\/wp\/v2\/pages\/73\/revisions"}],"predecessor-version":[{"id":3313,"href":"http:\/\/lvl2000ev.bplaced.net\/index.php?rest_route=\/wp\/v2\/pages\/73\/revisions\/3313"}],"wp:attachment":[{"href":"http:\/\/lvl2000ev.bplaced.net\/index.php?rest_route=%2Fwp%2Fv2%2Fmedia&parent=73"}],"curies":[{"name":"wp","href":"https:\/\/api.w.org\/{rel}","templated":true}]}}